{"id":700,"date":"2020-06-25T12:00:45","date_gmt":"2020-06-25T10:00:45","guid":{"rendered":"http:\/\/rod.fr\/?page_id=700"},"modified":"2024-11-27T16:03:52","modified_gmt":"2024-11-27T15:03:52","slug":"test-7","status":"publish","type":"page","link":"http:\/\/rod.fr\/","title":{"rendered":"Accueil"},"content":{"rendered":"\n<p style=\"font-size:26px\"><strong>Vous avez besoin&nbsp;:<\/strong><\/p>\n\n\n\n<div class=\"wp-block-media-text alignwide\" style=\"grid-template-columns:28% auto\"><figure class=\"wp-block-media-text__media\"><img loading=\"lazy\" decoding=\"async\" width=\"512\" height=\"512\" src=\"http:\/\/rod.fr\/wp-content\/uploads\/2020\/06\/homme-seul.png\" alt=\"\" class=\"wp-image-742 size-full\" srcset=\"http:\/\/rod.fr\/wp-content\/uploads\/2020\/06\/homme-seul.png 512w, http:\/\/rod.fr\/wp-content\/uploads\/2020\/06\/homme-seul-150x150.png 150w, http:\/\/rod.fr\/wp-content\/uploads\/2020\/06\/homme-seul-300x300.png 300w, http:\/\/rod.fr\/wp-content\/uploads\/2020\/06\/homme-seul-100x100.png 100w\" sizes=\"(max-width: 512px) 100vw, 512px\" \/><\/figure><div class=\"wp-block-media-text__content\">\n<p class=\"has-text-align-center has-luminous-vivid-orange-background-color has-background has-medium-font-size\">De transformer <strong>votre id\u00e9e<\/strong> en <strong>entreprise \u00e0 succ\u00e8s<\/strong> ?<\/p>\n\n\n\n<p class=\"has-text-align-center has-luminous-vivid-orange-background-color has-background has-medium-font-size\">Comprendre votre \u00e9quipe pour <strong>mieux la manager<\/strong> ?<\/p>\n<\/div><\/div>\n\n\n\n<p class=\"has-luminous-vivid-orange-color has-text-color\" style=\"font-size:22px\"><strong>Depuis 1990<\/strong>,<\/p>\n\n\n\n<p class=\"has-luminous-vivid-orange-color has-text-color\" style=\"font-size:22px\">Nous accompagnons les dirigeants dans leurs r\u00e9ussites. <\/p>\n\n\n\n<div class=\"wp-block-media-text alignwide has-media-on-the-right is-stacked-on-mobile\" style=\"grid-template-columns:auto 22%\"><div class=\"wp-block-media-text__content\">\n<p class=\"has-black-color has-text-color has-link-color wp-elements-8fc5144b027d837cd45a461477e27090\" style=\"font-size:24px\">             <strong>Vous avez une id\u00e9e  <\/strong>?<\/p>\n\n\n\n<p class=\"has-vivid-cyan-blue-color has-text-color has-link-color wp-elements-65eea804feb72cc0b94c33ee22c72a6c\" style=\"font-size:24px\">Faites-en une<strong> entreprise florissante <\/strong>!<\/p>\n<\/div><figure class=\"wp-block-media-text__media\"><img loading=\"lazy\" decoding=\"async\" width=\"96\" height=\"96\" src=\"http:\/\/rod.fr\/wp-content\/uploads\/2024\/11\/image.png\" alt=\"\" class=\"wp-image-934 size-full\"\/><\/figure><\/div>\n\n\n\n<p class=\"has-medium-font-size\">Avec notre \u00e9quipe exp\u00e9riment\u00e9e, b\u00e9n\u00e9ficiez d&rsquo;un accompagnement sur mesure en coaching et formations pour \u00e9viter les erreurs co\u00fbteuses et booster votre projet entrepreneurial.<\/p>\n\n\n\n<p class=\"has-text-align-center has-luminous-vivid-orange-color has-text-color has-medium-font-size\"><\/p>\n\n\n\n<div class=\"wp-block-media-text alignwide has-media-on-the-right\" style=\"grid-template-columns:auto 19%\"><div class=\"wp-block-media-text__content\">\n<p class=\"has-text-align-center\" style=\"font-size:24px\"><strong>Vous g\u00e9rez une \u00e9quipe <\/strong>? <\/p>\n\n\n\n<p class=\"has-text-align-center has-luminous-vivid-orange-color has-text-color has-link-color wp-elements-0fd5191212e8383dc71b40dfcd98223e\" style=\"font-size:24px\">Faites-en une <strong>\u00e9quipe performante ! <\/strong><\/p>\n<\/div><figure class=\"wp-block-media-text__media\"><img loading=\"lazy\" decoding=\"async\" width=\"512\" height=\"512\" src=\"http:\/\/rod.fr\/wp-content\/uploads\/2020\/06\/reunion.png\" alt=\"\" class=\"wp-image-731 size-full\" srcset=\"http:\/\/rod.fr\/wp-content\/uploads\/2020\/06\/reunion.png 512w, http:\/\/rod.fr\/wp-content\/uploads\/2020\/06\/reunion-150x150.png 150w, http:\/\/rod.fr\/wp-content\/uploads\/2020\/06\/reunion-300x300.png 300w, http:\/\/rod.fr\/wp-content\/uploads\/2020\/06\/reunion-100x100.png 100w\" sizes=\"(max-width: 512px) 100vw, 512px\" \/><\/figure><\/div>\n\n\n\n<p class=\"has-medium-font-size\">Optimisez votre management de fa\u00e7on <strong>simple et efficace. <\/strong><\/p>\n\n\n\n<p class=\"has-medium-font-size\">en identifiant et traitant <strong>les dysfonctionnements<\/strong> pr\u00e9sents dans votre entreprise  et renforcer ainsi la coh\u00e9sion de vos \u00e9quipes.<\/p>\n\n\n\n<p><\/p>\n","protected":false},"excerpt":{"rendered":"<p>Vous avez besoin&nbsp;: De transformer votre id\u00e9e en entreprise \u00e0 succ\u00e8s ? Comprendre votre \u00e9quipe pour mieux la manager ? Depuis 1990, Nous accompagnons les dirigeants dans leurs r\u00e9ussites. Vous avez une id\u00e9e ? Faites-en une entreprise florissante ! Avec notre \u00e9quipe exp\u00e9riment\u00e9e, b\u00e9n\u00e9ficiez d&rsquo;un accompagnement sur mesure en coaching et formations pour \u00e9viter les &hellip; <\/p>\n<p class=\"link-more\"><a href=\"http:\/\/rod.fr\/\" class=\"more-link\">Continuer la lecture<span class=\"screen-reader-text\"> de &laquo;&nbsp;Accueil&nbsp;&raquo;<\/span><\/a><\/p>\n","protected":false},"author":1,"featured_media":0,"parent":0,"menu_order":0,"comment_status":"closed","ping_status":"closed","template":"","meta":{"footnotes":""},"class_list":["post-700","page","type-page","status-publish","hentry"],"_links":{"self":[{"href":"http:\/\/rod.fr\/index.php\/wp-json\/wp\/v2\/pages\/700"}],"collection":[{"href":"http:\/\/rod.fr\/index.php\/wp-json\/wp\/v2\/pages"}],"about":[{"href":"http:\/\/rod.fr\/index.php\/wp-json\/wp\/v2\/types\/page"}],"author":[{"embeddable":true,"href":"http:\/\/rod.fr\/index.php\/wp-json\/wp\/v2\/users\/1"}],"replies":[{"embeddable":true,"href":"http:\/\/rod.fr\/index.php\/wp-json\/wp\/v2\/comments?post=700"}],"version-history":[{"count":48,"href":"http:\/\/rod.fr\/index.php\/wp-json\/wp\/v2\/pages\/700\/revisions"}],"predecessor-version":[{"id":959,"href":"http:\/\/rod.fr\/index.php\/wp-json\/wp\/v2\/pages\/700\/revisions\/959"}],"wp:attachment":[{"href":"http:\/\/rod.fr\/index.php\/wp-json\/wp\/v2\/media?parent=700"}],"curies":[{"name":"wp","href":"https:\/\/api.w.org\/{rel}","templated":true}]}}